{"id":15,"date":"2022-11-09T12:57:09","date_gmt":"2022-11-09T12:57:09","guid":{"rendered":"https:\/\/adalqui.cat\/?page_id=15"},"modified":"2024-05-02T21:47:30","modified_gmt":"2024-05-02T21:47:30","slug":"agroramaderia-regenerativa","status":"publish","type":"page","link":"https:\/\/adalqui.cat\/index.php\/agroramaderia-regenerativa\/","title":{"rendered":"<strong>Agroramaderia forestal regenerativa<\/strong>"},"content":{"rendered":"\n<p><\/p>\n\n\n\n<ul class=\"wp-block-list\">\n<li>Regeneraci\u00f3 de la capa superior del s\u00f2l; <\/li>\n\n\n\n<li>Augment de la biodiversitat<\/li>\n\n\n\n<li>Millora del cicle de l&#8217;aigua<\/li>\n\n\n\n<li>Potenciaci\u00f3 dels serveis ecosist\u00e8mics del forest amb la gesti\u00f3 hol\u00edstica cineg\u00e9tica i dels herb\u00edvors<\/li>\n\n\n\n<li>Preservaci\u00f3 i forment de forest d&#8217;arbres adults.<\/li>\n<\/ul>\n\n\n\n<p><\/p>\n\n\n\n<p class=\"has-text-align-right\"><em><em>(Darrera Actualitzaci\u00f3: 02 de maig de 2024)<\/em><\/em><\/p>\n","protected":false},"excerpt":{"rendered":"<p>(Darrera Actualitzaci\u00f3: 02 de maig de 2024)<\/p>\n","protected":false},"author":1,"featured_media":0,"parent":0,"menu_order":0,"comment_status":"closed","ping_status":"closed","template":"","meta":{"footnotes":""},"class_list":["post-15","page","type-page","status-publish","hentry"],"_links":{"self":[{"href":"https:\/\/adalqui.cat\/index.php\/wp-json\/wp\/v2\/pages\/15","targetHints":{"allow":["GET"]}}],"collection":[{"href":"https:\/\/adalqui.cat\/index.php\/wp-json\/wp\/v2\/pages"}],"about":[{"href":"https:\/\/adalqui.cat\/index.php\/wp-json\/wp\/v2\/types\/page"}],"author":[{"embeddable":true,"href":"https:\/\/adalqui.cat\/index.php\/wp-json\/wp\/v2\/users\/1"}],"replies":[{"embeddable":true,"href":"https:\/\/adalqui.cat\/index.php\/wp-json\/wp\/v2\/comments?post=15"}],"version-history":[{"count":6,"href":"https:\/\/adalqui.cat\/index.php\/wp-json\/wp\/v2\/pages\/15\/revisions"}],"predecessor-version":[{"id":340,"href":"https:\/\/adalqui.cat\/index.php\/wp-json\/wp\/v2\/pages\/15\/revisions\/340"}],"wp:attachment":[{"href":"https:\/\/adalqui.cat\/index.php\/wp-json\/wp\/v2\/media?parent=15"}],"curies":[{"name":"wp","href":"https:\/\/api.w.org\/{rel}","templated":true}]}}