{"id":164,"date":"2022-11-10T22:32:51","date_gmt":"2022-11-10T22:32:51","guid":{"rendered":"https:\/\/adalqui.cat\/?page_id=164"},"modified":"2025-11-24T15:05:28","modified_gmt":"2025-11-24T15:05:28","slug":"biblioteca","status":"publish","type":"page","link":"https:\/\/adalqui.cat\/index.php\/biblioteca\/","title":{"rendered":"<strong>Biblioteca<\/strong>"},"content":{"rendered":"\n<p><\/p>\n\n\n\n<p>La Biblioteca especialitzada de <em>Adalqu\u00ed<\/em>, est\u00e0 concebuda com un espai virtual de divulgaci\u00f3, destinat a la recopilaci\u00f3 i sistematitzaci\u00f3 a una p\u00e0gina web amb llibres, articles, documents i imatges al voltant de les acciones desenvolupades, amb l&#8217;actualitzaci\u00f3 peri\u00f2dica al llarg de tota la durada de la mateixa. D&#8217;aquesta manera, s&#8217;introdueix aquest recurs, potenciant els usos de les noves tecnologies com a eina per a la divulgaci\u00f3 social, de f\u00e0cil acc\u00e9s i massiva capacitat de difusi\u00f3.<\/p>\n\n\n\n<p>Properament, compartirem uns primers documents de lectura indispensable envers les seves tem\u00e0tiques priorit\u00e0ries.<\/p>\n\n\n\n<p><\/p>\n\n\n\n<p><\/p>\n\n\n\n<p class=\"has-text-align-right\"><em>(Darrera Actualitzaci\u00f3: 02 de novembre de 202<\/em>5<\/p>\n","protected":false},"excerpt":{"rendered":"<p>La Biblioteca especialitzada de Adalqu\u00ed, est\u00e0 concebuda com un espai virtual de divulgaci\u00f3, destinat a la recopilaci\u00f3 i sistematitzaci\u00f3 a una p\u00e0gina web amb llibres, articles, documents i imatges al voltant de les acciones desenvolupades, amb l&#8217;actualitzaci\u00f3 peri\u00f2dica al llarg de tota la durada de la mateixa. D&#8217;aquesta manera, s&#8217;introdueix aquest recurs, potenciant els usos [&hellip;]<\/p>\n","protected":false},"author":1,"featured_media":0,"parent":0,"menu_order":0,"comment_status":"closed","ping_status":"closed","template":"","meta":{"footnotes":""},"class_list":["post-164","page","type-page","status-publish","hentry"],"_links":{"self":[{"href":"https:\/\/adalqui.cat\/index.php\/wp-json\/wp\/v2\/pages\/164","targetHints":{"allow":["GET"]}}],"collection":[{"href":"https:\/\/adalqui.cat\/index.php\/wp-json\/wp\/v2\/pages"}],"about":[{"href":"https:\/\/adalqui.cat\/index.php\/wp-json\/wp\/v2\/types\/page"}],"author":[{"embeddable":true,"href":"https:\/\/adalqui.cat\/index.php\/wp-json\/wp\/v2\/users\/1"}],"replies":[{"embeddable":true,"href":"https:\/\/adalqui.cat\/index.php\/wp-json\/wp\/v2\/comments?post=164"}],"version-history":[{"count":7,"href":"https:\/\/adalqui.cat\/index.php\/wp-json\/wp\/v2\/pages\/164\/revisions"}],"predecessor-version":[{"id":396,"href":"https:\/\/adalqui.cat\/index.php\/wp-json\/wp\/v2\/pages\/164\/revisions\/396"}],"wp:attachment":[{"href":"https:\/\/adalqui.cat\/index.php\/wp-json\/wp\/v2\/media?parent=164"}],"curies":[{"name":"wp","href":"https:\/\/api.w.org\/{rel}","templated":true}]}}