{"id":2,"date":"2022-10-25T19:17:37","date_gmt":"2022-10-25T19:17:37","guid":{"rendered":"http:\/\/adalqui.cat\/?page_id=2"},"modified":"2024-11-20T20:00:52","modified_gmt":"2024-11-20T20:00:52","slug":"patrimoni-memoria-i-identitat","status":"publish","type":"page","link":"https:\/\/adalqui.cat\/index.php\/patrimoni-memoria-i-identitat\/","title":{"rendered":"<strong>Patrimoni hist\u00f2ric, mem\u00f2ria i identitat<\/strong>"},"content":{"rendered":"\n<p><\/p>\n\n\n\n<ul class=\"wp-block-list\">\n<li>Recuperaci\u00f3 de la mem\u00f2ria hist\u00f2rica del baix ripoll\u00e8s, com la mem\u00f2ria viva del passat immediat; <\/li>\n\n\n\n<li>Desenvolupament d\u2019arxius, estudis i divulgaci\u00f3 etnogr\u00e0fica del patrimoni f\u00edsic i immaterial que el territori aglutina al llarg del temps.<\/li>\n\n\n\n<li>Abordatge del proc\u00e8s d&#8217;immatriculacions masives per declaracions eclesi\u00e0stiques, de bens immobles del patrimoni hist\u00f2ric, social i cultural dels pobles nacions.<\/li>\n<\/ul>\n\n\n\n<p><\/p>\n\n\n\n<p class=\"has-text-align-right\"><em><em>(Darrera Actualitzaci\u00f3: 02 de maig de 2024)<\/em><\/em><\/p>\n","protected":false},"excerpt":{"rendered":"<p>(Darrera Actualitzaci\u00f3: 02 de maig de 2024)<\/p>\n","protected":false},"author":1,"featured_media":0,"parent":0,"menu_order":0,"comment_status":"closed","ping_status":"closed","template":"","meta":{"footnotes":""},"class_list":["post-2","page","type-page","status-publish","hentry"],"_links":{"self":[{"href":"https:\/\/adalqui.cat\/index.php\/wp-json\/wp\/v2\/pages\/2","targetHints":{"allow":["GET"]}}],"collection":[{"href":"https:\/\/adalqui.cat\/index.php\/wp-json\/wp\/v2\/pages"}],"about":[{"href":"https:\/\/adalqui.cat\/index.php\/wp-json\/wp\/v2\/types\/page"}],"author":[{"embeddable":true,"href":"https:\/\/adalqui.cat\/index.php\/wp-json\/wp\/v2\/users\/1"}],"replies":[{"embeddable":true,"href":"https:\/\/adalqui.cat\/index.php\/wp-json\/wp\/v2\/comments?post=2"}],"version-history":[{"count":10,"href":"https:\/\/adalqui.cat\/index.php\/wp-json\/wp\/v2\/pages\/2\/revisions"}],"predecessor-version":[{"id":356,"href":"https:\/\/adalqui.cat\/index.php\/wp-json\/wp\/v2\/pages\/2\/revisions\/356"}],"wp:attachment":[{"href":"https:\/\/adalqui.cat\/index.php\/wp-json\/wp\/v2\/media?parent=2"}],"curies":[{"name":"wp","href":"https:\/\/api.w.org\/{rel}","templated":true}]}}