{"id":210,"date":"2023-03-20T11:43:54","date_gmt":"2023-03-20T11:43:54","guid":{"rendered":"https:\/\/adalqui.cat\/?page_id=210"},"modified":"2024-05-02T21:27:30","modified_gmt":"2024-05-02T21:27:30","slug":"fer-present-la-memoria","status":"publish","type":"page","link":"https:\/\/adalqui.cat\/index.php\/fer-present-la-memoria\/","title":{"rendered":"Memoria i Identitat"},"content":{"rendered":"\n<p><\/p>\n\n\n\n<p><\/p>\n\n\n\n<p>Aquesta l\u00ednia d\u2019actuaci\u00f3 se centra en la reflexi\u00f3 te\u00f2rica i metodol\u00f2gica sobre la mem\u00f2ria i els processos de recuperaci\u00f3 de la mem\u00f2ries socials.&nbsp;<\/p>\n\n\n\n<p>Desenvolupa activitats de recerca, formaci\u00f3, suport t\u00e8cnic, assesorament, transfer\u00e8ncia i divulgaci\u00f3 social i cient\u00edfica, a la vegada que treballa amb diferents actors socials, tals com associacions, entitats&nbsp; memorial\u00edstiques, aules de la gent gran o investigadores\/res universitaris. Es pret\u00e8n aix\u00ed, apropar la societat a l\u2019universitat i beneficiar-se de la transfer\u00e8ncia de coneixements i teconologies socials d\u2019especialistes en processos de recuperaci\u00f3 de la mem\u00f2ria procedents de diferents disciplines socials. Tanmateix, es vol assumir amb plenitut l\u2019irrenunciable principi de comprom\u00eds i servei social com a investigadors\/es del nostre temps, obrint l\u2019universitat a la influ\u00e8ncia i requeriments de la societat a la que pertany<\/p>\n\n\n\n<p>Si b\u00e9 el conjunt de les accions es relacionen i retroalimenten de forma permanent, l\u2019organitzaci\u00f3, planificaci\u00f3 i execuci\u00f3 del treball es fa mitjan\u00e7ant el desenvolupament de tres programes marcs:<\/p>\n\n\n\n<ol class=\"wp-block-list\">\n<li><strong>\u201cComunitat i Mem\u00f2ria\u201d.<\/strong> Programa d\u2019extensi\u00f3 universit\u00e0ria per la recuperaci\u00f3 de les mem\u00f2ries socials, amb les entitats de la societat civil.<\/li>\n\n\n\n<li><strong>\u201cFer present la Mem\u00f2ria\u201d<\/strong>. Programa de recerca i divulgaci\u00f3 per fer presents les viv\u00e8ncies, les traject\u00f2ries i les experi\u00e8ncies dels protagonistes de la dictadura franquista a Catalunya, dut a terme amb l\u2019Universitat Pompeu Fabra i les Aules d\u2019Extensi\u00f3 Universit\u00e0ria de la Gent Gran.<\/li>\n\n\n\n<li><strong>\u201cRaonant la Mem\u00f2ria\u201d<\/strong>. Programa de formaci\u00f3 i an\u00e0lisi cr\u00edtica de les metodologies i els debats sobre la mem\u00f2ria, amb universitats i centres cient\u00edfics i socials.<\/li>\n<\/ol>\n\n\n\n<p><\/p>\n\n\n\n<p><strong>Membres i col\u00b7laboradors\/es<\/strong><\/p>\n\n\n\n<p><strong>Responsable:&nbsp;<\/strong><\/p>\n\n\n\n<p>Dino Di Nella (Col\u00b7lectiu Adalqu\u00ed)<\/p>\n\n\n\n<p><strong>Membres:&nbsp;<\/strong><\/p>\n\n\n\n<p>Elisabet Almeda Samaranch, Dino Di Nella; Sandra Obiol Franc\u00e9s; Francesc Ram\u00edrez Massagu\u00e9s i N\u00faria Verg\u00e9s Bosch.<\/p>\n\n\n\n<p><strong>Col.laboradors\/es:<\/strong><\/p>\n\n\n\n<p>Rosa Barenys, Clara Camps i Calvet, Tom\u00e0s de Montagut i Estragu\u00e9s, Jordi Pericot i Canaleta, Roger Roca i Rius, D\u00eddac S\u00e1nchez-Costa, Bettina Seoane, Mireia Soler i Fortuny.&nbsp;<\/p>\n\n\n\n<p>Com a responsables de projectes a les Aules de la Gent Gran, col\u00b7laboran Maria LLu\u00efsa Circuns i Pons, Maria Rosa Villa i Herranz i Enric Bernabeu i Cabot (Aula Matar\u00f3); Josep Rom\u00e0 Barriga i Planas i Magda Casals i Coll (Aula CIC); Josep Massip i Bux\u00f2 i M\u00e0rius Roca i Batlleria (Aula Badalona); N\u00faria Sala i Reig i Celest\u00ed Sitj\u00e0 i Feliu (Aula Sant Andreu); i Dolors Paronella i Basquens (Aula Arenys de Mar).<\/p>\n\n\n\n<p>Tamb\u00e9 han participat en les diverses activitats i recerques les seg\u00fcents persones: Bru La\u00edn i Escandell, Montserrat Mart\u00ed i Saldes; Pau Masal\u00f3 i Llor\u00e0; Sergi Moreno i Castillo; Merc\u00e8 Oliva i Rota; \u00d3liver P\u00e9rez i Latorre; i com a entrevistadors\/es Ivan Altisent; Mariona Rovira; Nuria Morell; Jes\u00fas Hernan; Jordi Mu\u00f1oz; Helena Ricoma; Juan Jose Rizo; Carlos Cuartero i Assumpci\u00f3 Noguera.&nbsp;<\/p>\n\n\n\n<p><strong>Protagonistes:<\/strong><\/p>\n\n\n\n<p>Com a protagonistes que ens han donat les seves paraules, han participat Teresa Alba i Cus\u00f3; Josep Almeda i Petitpierre; Carme Alomar i Bayo; Montserrat Arimont i Colom; Vicenta Carreras i Dur\u00e1n; Magda Casals i Coll; Maria Llu\u00efsa Circuns i Pons; Merc\u00e8 Claus i Salas; Antonio Do\u00f1ate Mart\u00edn; Josep Fradera i Soler; Llu\u00efsa Gir\u00f3 i Marsal; Maria Gir\u00f3 i Marsal; Blanca G\u00f3mez i Soriano; Rosa Gris\u00f3 i Valls; Miquel Maria Lluc i Ventura; Albert Manent i Gatell; Teresa Maura i Picanyol; Josep Massip i Bux\u00f3; Maria Merc\u00e8 Massot i Jaume; Marta Mestres i Rod\u00f3n; Maria Mu\u00f1oz i Mart\u00ednez; Joaquim Oliveras i Lloret; Anna Paronella i Basquens; Dolors Paronella i Basquens; Jordi Pericot i Canaleta; Mar\u00eda Pisa i Novillas; Francesc Porret i Gay; Dolors Prat i Prat; Ernest Pruna i Du\u00f1\u00f3; Enric Pubill i Arn\u00f3; Enric Puig i Busquets; Em\u00edlia Pujol i Domingo; Carme Riera i Porta; M\u00e0rius Roca i Batlleria; Manola Rodr\u00edguez L\u00e1zaro; Dolors Rodr\u00edguez i Trilla; Josep Rom\u00e0 Barriga i Planas; Joan Rubies i Trias; Francesc Safont-Tria i Cabot; N\u00faria Sala i Reig; Teresa Satorres i Guerola; Celest\u00ed Sitj\u00e0 i Feliu; Maria \u00c0ngels Soler i Flores; Joan Talarn i Morales; Manel Torrents i Vehils; Am\u00e8lia Trueta i Llacuna; Maria Ventol\u00e0 i Ribas; Moss\u00e8n Tom\u00e0s Verg\u00e9s i Foros; Alexandra Viena; Antoni Viladamunt i Basco i Pepeta Viladoms i Exp\u00f3sito.<\/p>\n\n\n\n<p><strong>Experts, Grups i Entitats Col\u00b7laboradores:<\/strong><\/p>\n\n\n\n<p>Van participar en les activitats desenvolupades els seguents persones: <strong>Josep Fontana<\/strong> (Universitat Pompeu Fabra) ; <strong>Francisco Fern\u00e1ndez Buey<\/strong> (Universitat Pompeu Fabra) ; <strong>Ricard Vinyes<\/strong> (Universitat de Barcelona); <strong>Ferran Requejo<\/strong> (Universitat Pompeu Fabra); <strong>Carlos Jimenez Villarejo<\/strong> (jurista) ; <strong>Josep Sol\u00e9 i Sabat\u00e9<\/strong> (Universitat Aut\u00f2noma de Barcelona); <strong>Marc Carrillo<\/strong> (Universitat Pompeu Fabra); <strong>Horacio Verbitsky<\/strong> (Centro de Estudios Sociales y Legales. Argentina); <strong>Eva Serra<\/strong> (Universitat de Barcelona); <strong>Josep Maria Tamarit<\/strong> (Universitat de Lleida); i <strong>Xavier Vinader<\/strong> (periodista); i els artites i escriptors <strong>Teresa Rebull<\/strong>; <strong>Joan Isaac<\/strong>; <strong>Montserrat Carulla<\/strong> i <strong>Eduardo Galeano<\/strong>.<\/p>\n\n\n\n<p>Els grups i entitats p\u00fabliques i privades amb les que hem dut a terme recerques o activitats relacionades amb el Grup Copolis i els seus investigadors\/es s\u00f3n els seg\u00fcents:&nbsp;<\/p>\n\n\n\n<ol class=\"wp-block-list\">\n<li>ENTITATS DE LA SOCIETAT CIVIL: Associaci\u00f3 d\u2019Acci\u00f3 Social i Cultural Adalqu\u00ed; Associaci\u00f3 Cultural In Albis; Entitat Aut\u00f2noma de Difusi\u00f3 Cultural d\u2019Abrera; Grup d\u2019opini\u00f3 i recerca BREA&nbsp;; Associaci\u00f3 Anoienca CERCA; Associaci\u00f3 d\u2019Expresos Pol\u00edtics de Catalunya; Associaci\u00f3 Dones del \u201936; Associaci\u00f3 Empresa i Progr\u00e9s; CCOM-CAHEA de Val\u00e8ncia; Centre Cultural Ovidi Montll\u00f2; Associaci\u00f3 Alia i Grup Donestech.<\/li>\n<\/ol>\n\n\n\n<ol class=\"wp-block-list\">\n<li>AULES D\u2019EXTENSI\u00d3 UNIVERSIT\u00c0RIA DE LA GENT GRAN: Aules S\u00e8nior de Matar\u00f3; Aula d\u2019Extensi\u00f3 Universit\u00e0ria CIC de la Gent Gran; Aula d\u2019Extensi\u00f3 Universit\u00e0ria de Badalona; Aula d\u2019Extensi\u00f3 Universit\u00e0ria de Sant Andreu; Aula d\u2019Extensi\u00f3 Universit\u00e0ria Arenys de Mar per a la Gent Gran; Agrupaci\u00f3 d\u2019Aules de Formaci\u00f3 Permanent per a la Gent Gran de Catalunya (AFOPA).<\/li>\n<\/ol>\n\n\n\n<ol class=\"wp-block-list\">\n<li>ENTITATS PATROCINANTS I\/O QUE DONEN SUPORT: Direcci\u00f3 General de la Mem\u00f2ria Democr\u00e0tica de la Generalitat de Catalunya; Vicerectorat de Relacions Institucionals i Departament de Comunicaci\u00f3 de la Universitat Pompeu Fabra; Departament de Sociologia i An\u00e0lisi de les Organitzacions de la Universitat de Barcelona; Departament de Sociologia i Antropologia Social de la Universitat de Val\u00e8ncia; Fundaci\u00f3 Viure i Conviure de l\u2019Obra Social de La Caixa; Fundaci\u00f3 de Solidaritat Argent\u00ed Catalana (FUNSAC) de la Patag\u00f2nia.<\/li>\n<\/ol>\n\n\n\n<p class=\"has-text-align-right\"><em>(Darrera Actualitzaci\u00f3: 02 de maig de 2024)<\/em><\/p>\n","protected":false},"excerpt":{"rendered":"<p>Aquesta l\u00ednia d\u2019actuaci\u00f3 se centra en la reflexi\u00f3 te\u00f2rica i metodol\u00f2gica sobre la mem\u00f2ria i els processos de recuperaci\u00f3 de la mem\u00f2ries socials.&nbsp; Desenvolupa activitats de recerca, formaci\u00f3, suport t\u00e8cnic, assesorament, transfer\u00e8ncia i divulgaci\u00f3 social i cient\u00edfica, a la vegada que treballa amb diferents actors socials, tals com associacions, entitats&nbsp; memorial\u00edstiques, aules de la gent [&hellip;]<\/p>\n","protected":false},"author":1,"featured_media":0,"parent":0,"menu_order":0,"comment_status":"closed","ping_status":"closed","template":"","meta":{"footnotes":""},"class_list":["post-210","page","type-page","status-publish","hentry"],"_links":{"self":[{"href":"https:\/\/adalqui.cat\/index.php\/wp-json\/wp\/v2\/pages\/210","targetHints":{"allow":["GET"]}}],"collection":[{"href":"https:\/\/adalqui.cat\/index.php\/wp-json\/wp\/v2\/pages"}],"about":[{"href":"https:\/\/adalqui.cat\/index.php\/wp-json\/wp\/v2\/types\/page"}],"author":[{"embeddable":true,"href":"https:\/\/adalqui.cat\/index.php\/wp-json\/wp\/v2\/users\/1"}],"replies":[{"embeddable":true,"href":"https:\/\/adalqui.cat\/index.php\/wp-json\/wp\/v2\/comments?post=210"}],"version-history":[{"count":4,"href":"https:\/\/adalqui.cat\/index.php\/wp-json\/wp\/v2\/pages\/210\/revisions"}],"predecessor-version":[{"id":323,"href":"https:\/\/adalqui.cat\/index.php\/wp-json\/wp\/v2\/pages\/210\/revisions\/323"}],"wp:attachment":[{"href":"https:\/\/adalqui.cat\/index.php\/wp-json\/wp\/v2\/media?parent=210"}],"curies":[{"name":"wp","href":"https:\/\/api.w.org\/{rel}","templated":true}]}}