{"id":212,"date":"2023-03-20T11:44:20","date_gmt":"2023-03-20T11:44:20","guid":{"rendered":"https:\/\/adalqui.cat\/?page_id=212"},"modified":"2024-11-20T19:35:56","modified_gmt":"2024-11-20T19:35:56","slug":"hi-era-de-massa","status":"publish","type":"page","link":"https:\/\/adalqui.cat\/index.php\/hi-era-de-massa\/","title":{"rendered":"Hi era de Massa"},"content":{"rendered":"\n<p><\/p>\n\n\n\n<p><\/p>\n\n\n\n<p><em>Serralades Transversals del Pre Pirineu Oriental i de la Vall del Bisaura<\/em><\/p>\n\n\n\n<p><em>Continu\u00eftats, Canvis i Prospectiva en &nbsp;la Catalunya Rural<\/em><\/p>\n\n\n\n<p>Els d\u00e8ficits espec\u00edfics de les zones d&#8217;alta i baixa muntanya han merescut atenci\u00f3 tant de la recerca universit\u00e0ria, com des de la legislaci\u00f3 i el disseny de programes de desenvolupament. No obstant aix\u00f2, com recull un Dictamen del Consell Econ\u00f2mic i Social Europeu, no hi ha cap pol\u00edtica europea estructurada respecte als territoris de muntanya, amb mesures que s&#8217;apliquin exclusivament a aquestes zones.<\/p>\n\n\n\n<p>Amb aix\u00f2, la insufici\u00e8ncia de les mesures adoptades a nivell nacional i comarcal exigeixen un immediat abordatge integral. Des d&#8217;aquest projecte, doncs, es volen abordar diversos aspectes socials, econ\u00f2mics, culturals, pol\u00edtics, jur\u00eddics, etnol\u00f2gics, hist\u00f2rics, arqueol\u00f2gics, ecol\u00f2gics, cient\u00edfics i prospectius referents a les serralades transversals del Pre Pirineu Oriental i de la Vall del Bisaura.<\/p>\n\n\n\n<p><\/p>\n\n\n\n<p>\u00c0REA D\u2019ESTUDIS I RECERQUES<\/p>\n\n\n\n<ol style=\"list-style-type:1\" class=\"wp-block-list\">\n<li>Els origens. Las Serralades Transversals del Pre Pirineu Oriental i de la Vall del Bisaura a la hist\u00f2ria.<\/li>\n\n\n\n<li>Pensant el Futur.&nbsp; Prospectiva dels models desenvolupament local aplicat a les Serralades i el Bisaura. El cas del Turisme rural.<\/li>\n\n\n\n<li>Estudi de cas.\u00a0El ve\u00efnat de Lla\u00e9s i el seu entorn.<\/li>\n<\/ol>\n\n\n\n<p>\u00c0REA DE TRANSFER\u00c8NCIA DE TECNOLOGIA<\/p>\n\n\n\n<ul class=\"wp-block-list\">\n<li>Base de dades sobre les Serralades Transversals del Pre Pirineu Oriental i de la Vall del Bisaura.<\/li>\n\n\n\n<li>Conveni per a la realitzaci\u00f3 d\u2019una Experi\u00e8ncia Pilot de desenvolupament sostenible: Execuci\u00f3 del \u201cPla Integral de Gesti\u00f3 i Aprofitament (2005-2009)\u201d a la finca El Burbau.<\/li>\n\n\n\n<li>Conveni d\u2019assessorament sobre el \u201cPla T\u00e8cnic de Gesti\u00f3 i Millora Forestal\u201d de les finques&nbsp; El Noguer &#8211; El Burbau\u201d. An\u00e0lisi, Prognosi i Prospectiva.<\/li>\n<\/ul>\n\n\n\n<p class=\"has-text-align-right\"><em>(Darrera Actualitzaci\u00f3: 02 de maig de 2024)<\/em><\/p>\n","protected":false},"excerpt":{"rendered":"<p>Serralades Transversals del Pre Pirineu Oriental i de la Vall del Bisaura Continu\u00eftats, Canvis i Prospectiva en &nbsp;la Catalunya Rural Els d\u00e8ficits espec\u00edfics de les zones d&#8217;alta i baixa muntanya han merescut atenci\u00f3 tant de la recerca universit\u00e0ria, com des de la legislaci\u00f3 i el disseny de programes de desenvolupament. No obstant aix\u00f2, com recull [&hellip;]<\/p>\n","protected":false},"author":1,"featured_media":0,"parent":0,"menu_order":0,"comment_status":"closed","ping_status":"closed","template":"","meta":{"footnotes":""},"class_list":["post-212","page","type-page","status-publish","hentry"],"_links":{"self":[{"href":"https:\/\/adalqui.cat\/index.php\/wp-json\/wp\/v2\/pages\/212","targetHints":{"allow":["GET"]}}],"collection":[{"href":"https:\/\/adalqui.cat\/index.php\/wp-json\/wp\/v2\/pages"}],"about":[{"href":"https:\/\/adalqui.cat\/index.php\/wp-json\/wp\/v2\/types\/page"}],"author":[{"embeddable":true,"href":"https:\/\/adalqui.cat\/index.php\/wp-json\/wp\/v2\/users\/1"}],"replies":[{"embeddable":true,"href":"https:\/\/adalqui.cat\/index.php\/wp-json\/wp\/v2\/comments?post=212"}],"version-history":[{"count":6,"href":"https:\/\/adalqui.cat\/index.php\/wp-json\/wp\/v2\/pages\/212\/revisions"}],"predecessor-version":[{"id":350,"href":"https:\/\/adalqui.cat\/index.php\/wp-json\/wp\/v2\/pages\/212\/revisions\/350"}],"wp:attachment":[{"href":"https:\/\/adalqui.cat\/index.php\/wp-json\/wp\/v2\/media?parent=212"}],"curies":[{"name":"wp","href":"https:\/\/api.w.org\/{rel}","templated":true}]}}