{"id":214,"date":"2023-03-20T11:44:45","date_gmt":"2023-03-20T11:44:45","guid":{"rendered":"https:\/\/adalqui.cat\/?page_id=214"},"modified":"2024-12-04T15:19:08","modified_gmt":"2024-12-04T15:19:08","slug":"copalqui-editorial","status":"publish","type":"page","link":"https:\/\/adalqui.cat\/index.php\/copalqui-editorial\/","title":{"rendered":"Copalqui Editorial"},"content":{"rendered":"\n<p><\/p>\n\n\n\n<figure class=\"wp-block-image size-large\"><img loading=\"lazy\" decoding=\"async\" width=\"1024\" height=\"355\" src=\"https:\/\/adalqui.cat\/wp-content\/uploads\/2023\/03\/logo-copalqui-1024x355.jpeg\" alt=\"\" class=\"wp-image-270\" srcset=\"https:\/\/adalqui.cat\/wp-content\/uploads\/2023\/03\/logo-copalqui-1024x355.jpeg 1024w, https:\/\/adalqui.cat\/wp-content\/uploads\/2023\/03\/logo-copalqui-300x104.jpeg 300w, https:\/\/adalqui.cat\/wp-content\/uploads\/2023\/03\/logo-copalqui-768x266.jpeg 768w, https:\/\/adalqui.cat\/wp-content\/uploads\/2023\/03\/logo-copalqui-1200x416.jpeg 1200w, https:\/\/adalqui.cat\/wp-content\/uploads\/2023\/03\/logo-copalqui.jpeg 1280w\" sizes=\"auto, (max-width: 1024px) 100vw, 1024px\" \/><\/figure>\n\n\n\n<p>Copalqui \u00e9s una editorial privada sense \u00e0nim de lucre que neix a Barcelona el febrer del 2008 com a activitat del Col\u00b7lectiu Adalqu\u00ed.<br><\/p>\n\n\n\n<p>El seu objectiu principal \u00e9s poder donar difusi\u00f3 a diversos tipus de treballs i textos de l&#8217;\u00e0mbit cient\u00edfic, acad\u00e8mic i cultural. Procura el desenvolupament d&#8217;una pol\u00edtica de publicacions que permeti d&#8217;una banda, la disposici\u00f3 per part dels autors\/es dels seus textos i\/o materials en diferents formats d&#8217;edici\u00f3 (a un preu redu\u00eft o, si \u00e9s possible, sense cost econ\u00f2mic per al lector\/a); i de l&#8217;altra, la potenciaci\u00f3 de la divulgaci\u00f3 social d&#8217;an\u00e0lisi i resultats d&#8217;investigacions a la societat en general, amb un \u00e8mfasi especial en la recepci\u00f3 dels productes per part dels grups socials sobre els quals s&#8217;ha investigat.<br><\/p>\n\n\n\n<p>Amb aquesta finalitat, Copalqui Editorial compta amb un Equip T\u00e8cnic de Producci\u00f3 General i amb un Consell Editorial, els quals s&#8217;ocupen de la selecci\u00f3, revisi\u00f3 de textos, assessorament i\/o consultoria sobre les publicacions derivades de les activitats dels membres o de sol\u00b7licituds externes de publicacions, i el desenvolupament del \u201cProjecte Editorial\u201d de Copalqui per a la divulgaci\u00f3 cient\u00edfica i social entre la poblaci\u00f3 no acad\u00e8mica en general.<br><\/p>\n\n\n\n<p>Conforme a l&#8217;abs\u00e8ncia de finalitat lucrativa, Copalqui Editorial prescindeix de tot el circuit de distribuci\u00f3 i comercialitzaci\u00f3 habitual al sector, fixant els preus de venda de les seves publicacions a partir \u00fanicament de les despeses de producci\u00f3 i edici\u00f3, cosa que ens permet evitar alts costos en el preu final i una m\u00e0xima accessibilitat de l&#8217;obra per als seus autors i lectors.<br><\/p>\n\n\n\n<p>Copalqui editorial va comen\u00e7ar publicant els treballs m\u00e9s propers al seu equip de treball. Posteriorment va fer un acord de col\u00b7laboraci\u00f3 amb el Grup Internacional de Recerca \u201cCopolis. Benestar, Comunitat i Control Social\u201d, per difondre els resultats de les investigacions. Tamb\u00e9 es va fer un acord amb Koyatun Editorial per a la publicaci\u00f3 rec\u00edproca de les obres en els seus \u00e0mbits de treball respectius. Posteriorment, es van anar sumant altres autors\/es, potenciant la nostra intenci\u00f3 de poder ampliar les fonts de divulgaci\u00f3 social.<br>A partir d&#8217;aix\u00f2, s&#8217;ha elaborat un projecte editorial constitu\u00eft per les col\u00b7leccions seg\u00fcents:<\/p>\n\n\n\n<ul class=\"wp-block-list\">\n<li>FAM\u00cdLIES MONOPARENTALS I DIVERSITAT FAMILIAR<\/li>\n\n\n\n<li>MEM\u00d2RIA I IDENTITAT<\/li>\n\n\n\n<li>DONES I SISTEMA PENAL<\/li>\n\n\n\n<li>TEXTS UNIVERSITARIS<\/li>\n\n\n\n<li>RELATS SOCIALS<\/li>\n<\/ul>\n\n\n\n<p>Per a l&#8217;adquisici\u00f3 de qualsevol de les publicacions, podeu accedir-hi a trav\u00e9s dels nostres punts de venda, o b\u00e9 a trav\u00e9s d&#8217;internet dirigint-vos per email a copalqui@gmail.com.<br>Estem oberts a rebre tots els suggeriments, aportacions i inquietuds que creguin oportunes. Ens ajudaran a continuar avan\u00e7ant.<\/p>\n\n\n\n<p><\/p>\n\n\n\n<p><a href=\"https:\/\/adalqui.cat\/wp-content\/uploads\/2024\/12\/Contacto_seguridad_CopalquiEditorial.txt\" target=\"_blank\" rel=\"noreferrer noopener\">Acc\u00e9s al Document de contacte de seguretat a efectes GPSR aqu\u00ed<\/a><\/p>\n\n\n\n<p class=\"has-text-align-right\"><em>(Darrera Actualitzaci\u00f3: 29 de novembre de 2024)<\/em><\/p>\n\n\n\n<p><\/p>\n","protected":false},"excerpt":{"rendered":"<p>Copalqui \u00e9s una editorial privada sense \u00e0nim de lucre que neix a Barcelona el febrer del 2008 com a activitat del Col\u00b7lectiu Adalqu\u00ed. El seu objectiu principal \u00e9s poder donar difusi\u00f3 a diversos tipus de treballs i textos de l&#8217;\u00e0mbit cient\u00edfic, acad\u00e8mic i cultural. Procura el desenvolupament d&#8217;una pol\u00edtica de publicacions que permeti d&#8217;una banda, [&hellip;]<\/p>\n","protected":false},"author":1,"featured_media":0,"parent":0,"menu_order":0,"comment_status":"closed","ping_status":"closed","template":"","meta":{"footnotes":""},"class_list":["post-214","page","type-page","status-publish","hentry"],"_links":{"self":[{"href":"https:\/\/adalqui.cat\/index.php\/wp-json\/wp\/v2\/pages\/214","targetHints":{"allow":["GET"]}}],"collection":[{"href":"https:\/\/adalqui.cat\/index.php\/wp-json\/wp\/v2\/pages"}],"about":[{"href":"https:\/\/adalqui.cat\/index.php\/wp-json\/wp\/v2\/types\/page"}],"author":[{"embeddable":true,"href":"https:\/\/adalqui.cat\/index.php\/wp-json\/wp\/v2\/users\/1"}],"replies":[{"embeddable":true,"href":"https:\/\/adalqui.cat\/index.php\/wp-json\/wp\/v2\/comments?post=214"}],"version-history":[{"count":9,"href":"https:\/\/adalqui.cat\/index.php\/wp-json\/wp\/v2\/pages\/214\/revisions"}],"predecessor-version":[{"id":370,"href":"https:\/\/adalqui.cat\/index.php\/wp-json\/wp\/v2\/pages\/214\/revisions\/370"}],"wp:attachment":[{"href":"https:\/\/adalqui.cat\/index.php\/wp-json\/wp\/v2\/media?parent=214"}],"curies":[{"name":"wp","href":"https:\/\/api.w.org\/{rel}","templated":true}]}}