{"id":216,"date":"2023-03-20T11:45:27","date_gmt":"2023-03-20T11:45:27","guid":{"rendered":"https:\/\/adalqui.cat\/?page_id=216"},"modified":"2024-05-02T21:30:22","modified_gmt":"2024-05-02T21:30:22","slug":"pobles-nacions-i-estats","status":"publish","type":"page","link":"https:\/\/adalqui.cat\/index.php\/pobles-nacions-i-estats\/","title":{"rendered":"Pobles, Nacions i Estats"},"content":{"rendered":"\n<p><\/p>\n\n\n\n<p><\/p>\n\n\n<div class=\"wp-block-image\">\n<figure class=\"aligncenter size-large is-resized\"><img loading=\"lazy\" decoding=\"async\" width=\"1024\" height=\"675\" src=\"https:\/\/adalqui.cat\/wp-content\/uploads\/2023\/03\/Logo-Col\u00b7lectiu-1024x675.jpg\" alt=\"\" class=\"wp-image-259\" style=\"width:460px;height:303px\" srcset=\"https:\/\/adalqui.cat\/wp-content\/uploads\/2023\/03\/Logo-Col\u00b7lectiu-1024x675.jpg 1024w, https:\/\/adalqui.cat\/wp-content\/uploads\/2023\/03\/Logo-Col\u00b7lectiu-300x198.jpg 300w, https:\/\/adalqui.cat\/wp-content\/uploads\/2023\/03\/Logo-Col\u00b7lectiu-768x507.jpg 768w, https:\/\/adalqui.cat\/wp-content\/uploads\/2023\/03\/Logo-Col\u00b7lectiu-1536x1013.jpg 1536w, https:\/\/adalqui.cat\/wp-content\/uploads\/2023\/03\/Logo-Col\u00b7lectiu-2048x1351.jpg 2048w, https:\/\/adalqui.cat\/wp-content\/uploads\/2023\/03\/Logo-Col\u00b7lectiu-1200x791.jpg 1200w, https:\/\/adalqui.cat\/wp-content\/uploads\/2023\/03\/Logo-Col\u00b7lectiu-1980x1306.jpg 1980w\" sizes=\"auto, (max-width: 1024px) 100vw, 1024px\" \/><\/figure>\n<\/div>\n\n\n<p>El Col\u00b7lectiu de Solidaritat amb els Pa\u00efsos Catalans de Viedma-Patagones, \u00e9s una organitzaci\u00f3 social sense \u00e0nim de lucre, destinada a fomentar la defensa dels drets d&#8217;autodeterminaci\u00f3 dels pobles, aix\u00ed com accions de suport i intercanvi rec\u00edproc entre els pobles-nacions sense estat o sota estats opressors del dret a una exist\u00e8ncia diferenciada. Va ser creat el 2 de desembre de 2008, a inst\u00e0ncia del \u201cGrup Internacional Copolis. Benestar, Comunitat i Control Social\u201d, situant el seu lloc de funcionament de manera compartida amb altres entitats a la Multiseu Social \u201cDaniel \u201cPascua\u201d Di Nella\u201d, situada al carrer Saavedra N\u00ba 81 de la ciutat de Viedma.<\/p>\n\n\n\n<p>A la seva actuaci\u00f3, prioritza l&#8217;acci\u00f3 cient\u00edfica, social i cultural. En aquesta l\u00ednia, el Col\u00b7lectiu ha organitzat, d&#8217;una banda, diverses activitats culturals i art\u00edstiques, com ara trobades, aplecs i conversatoris en catal\u00e0, sobre diversos temes d&#8217;actualitat. Tamb\u00e9 va articular col\u00b7laboracions entre cientistes socials de diferents unitats acad\u00e8miques. I d&#8217;altra banda, es va ocupar de la log\u00edstica per fomentar i facilitar intercanvis acad\u00e8mics d&#8217;estudiants, graduats i docents i investigadors universitaris, aix\u00ed com l&#8217;organitzaci\u00f3 de seminaris, cursos, postgraus, simposis, jornades internacionals i projectes de recerca i innovaci\u00f3 docent coparticipats .<\/p>\n\n\n\n<p>Especialment a partir del 2012, el Col\u00b7lectiu es va reorganitzar i va comen\u00e7ar a impulsar la seva solidaritat (entesa com a acci\u00f3 pol\u00edtica de suport) des d&#8217;una nova agenda i continguts, vinculada a la realitat dels diversos pobles-nacions sense estat o sota estat opressors del dret a l&#8217;autodeterminaci\u00f3 dels pobles marginats, en el context dels processos d&#8217;internacionalitzaci\u00f3 de la desigualtat estructural del sistema poder mundial.<\/p>\n\n\n\n<p>Aquesta realitat \u00e9s la dels 5000 pobles nacions marginalitzats i subordinalitzats als poc m\u00e9s de 200 estats del capitalisme global que els governen i exclouen del sistema de decisions que s&#8217;adopten sobre els temes que els afecten. Per aix\u00f2, la tasca que es fa des d&#8217;aquesta contextualitzaci\u00f3 internacional, se situa molt m\u00e9s estretament relacionada amb el proc\u00e9s de resist\u00e8ncia de la naci\u00f3 catalana contra la pol\u00edtica subordinacionista a la monarquia estatal espanyola (o el que \u00e9s el mateix, d&#8217;alliberament i emancipaci\u00f3 popular, ecol\u00f2gica, feminista, republicana i radicalment democr\u00e0tica que estan protagonitzant els pa\u00efsos catalans).<\/p>\n\n\n\n<p>En conseq\u00fc\u00e8ncia, els eixos de treball i divulgaci\u00f3 giren al voltant de la repressi\u00f3 estatal espanyola i la persecuci\u00f3 politic judicial de la desobedi\u00e8ncia civil; la criminalitzaci\u00f3 de la protesta no violenta; la guerra jur\u00eddica contra l&#8217;oposici\u00f3 pol\u00edtica i social (law fare contra el govern i els l\u00edders socials catalans); la necessitat de processos instituents de democr\u00e0cies participatives per a la conformaci\u00f3 dels estats plurinacionals; els estudis comparats dels pobles-nacions originaris per\u00f2 marginalitzats del sistema de poder-m\u00f3n d&#8217;Europa i \u00c0sia (com Hong Kong, Kurdistan, Palestina, Catalunya, Esc\u00f2cia, Euskadi, entre d&#8217;altres&#8230;) i els pobles ind\u00edgenes d&#8217;\u00c0frica i Amer\u00edndia; i l&#8217;impacte d&#8217;aquests processos de mundialitzaci\u00f3 de la desigualtat estructural, als grups de crian\u00e7a i desenvolupament de les relacions socials a la vida quotidiana. Tot aix\u00f2, posant \u00e8mfasi en la investigaci\u00f3, la formaci\u00f3 i la divulgaci\u00f3 de diversos t\u00f2pics de la situaci\u00f3 pol\u00edtica actual del poble naci\u00f3 catal\u00e0 i el poble naci\u00f3 maputxe, d&#8217;acord amb els \u00e0mbits territorials de m\u00e9s radicaci\u00f3 i incid\u00e8ncia del Col\u00b7lectiu.<\/p>\n\n\n\n<p>En aquest marc, \u00e9s que s&#8217;ha realitzat orientaci\u00f3, assessorament i assist\u00e8ncia t\u00e8cnica per a m\u00e9s de 12 intercanvis, estades i\/o visites de persones residents als Pa\u00efsos Catalans a l&#8217;Estat Federat d&#8217;Argentina, aix\u00ed com m\u00e9s de 18 d&#8217;Argentina als Pa\u00efsos Catalans (se&#8217;n fa almenys un per semestre des de l&#8217;any 2012 fins la p\u00e0ndemia de Covid-19, al 2020). Tamb\u00e9 s&#8217;ha co-impulsat la Xarxa Tem\u00e0tica Internacional de Recerca sobre Fam\u00edlies Monoparentals (Xarxa TIIFAMO) i els simposis internacionals sobre fam\u00edlies monoparentals (2017 a Viedma, 2019 a La Plata); tres coedicions de la Maestria sobre Fam\u00edlies i Societat i l&#8217;Especialitzaci\u00f3 de postgrau sobre G\u00e8nere, Diversitat Familiar i Tecnologies (titulaci\u00f3 a dist\u00e0ncia de la Universitat de Barcelona); els Seminaris Permanents coorganitzats entre UB i\/o UNRN i\/o ADALQUI sobre \u201cAn\u00e0lisi Cr\u00edtica del Control Social\u201d, \u201cTemes Actuals i Futurs de la Sociologia del Control Penal\u201d, i \u201cPol\u00edtiques i Diversitat Familiar\u201d; i altres col\u00b7laboracions vinculades a la Innovaci\u00f3 Docent universit\u00e0ria (Jornades internacionals, Projectes en qu\u00e8 es van posar a interactuar en aules virtuals a l&#8217;alumnat, formaci\u00f3 de recursos avan\u00e7ats en proc\u00e9s de realitzaci\u00f3 dels seus treballs finals, tesines o tesis); a m\u00e9s de mitja dotzena de projectes de recerca conjunts o amb participaci\u00f3 de membres de diverses unitats acad\u00e8miques; i la realitzaci\u00f3 d&#8217;una Columna de periodicitat mensual (2017-2019) al bloc de not\u00edcies Apostilles del Control Social, del Col\u00b7lectiu Adalqu\u00ed, el qual va donar suport i impuls a aquesta iniciativa.<\/p>\n\n\n\n<p class=\"has-text-align-right\"><em>(Darrera Actualitzaci\u00f3: 02 de maig de 2024)<\/em><\/p>\n","protected":false},"excerpt":{"rendered":"<p>El Col\u00b7lectiu de Solidaritat amb els Pa\u00efsos Catalans de Viedma-Patagones, \u00e9s una organitzaci\u00f3 social sense \u00e0nim de lucre, destinada a fomentar la defensa dels drets d&#8217;autodeterminaci\u00f3 dels pobles, aix\u00ed com accions de suport i intercanvi rec\u00edproc entre els pobles-nacions sense estat o sota estats opressors del dret a una exist\u00e8ncia diferenciada. Va ser creat el [&hellip;]<\/p>\n","protected":false},"author":1,"featured_media":0,"parent":0,"menu_order":0,"comment_status":"closed","ping_status":"closed","template":"","meta":{"footnotes":""},"class_list":["post-216","page","type-page","status-publish","hentry"],"_links":{"self":[{"href":"https:\/\/adalqui.cat\/index.php\/wp-json\/wp\/v2\/pages\/216","targetHints":{"allow":["GET"]}}],"collection":[{"href":"https:\/\/adalqui.cat\/index.php\/wp-json\/wp\/v2\/pages"}],"about":[{"href":"https:\/\/adalqui.cat\/index.php\/wp-json\/wp\/v2\/types\/page"}],"author":[{"embeddable":true,"href":"https:\/\/adalqui.cat\/index.php\/wp-json\/wp\/v2\/users\/1"}],"replies":[{"embeddable":true,"href":"https:\/\/adalqui.cat\/index.php\/wp-json\/wp\/v2\/comments?post=216"}],"version-history":[{"count":3,"href":"https:\/\/adalqui.cat\/index.php\/wp-json\/wp\/v2\/pages\/216\/revisions"}],"predecessor-version":[{"id":327,"href":"https:\/\/adalqui.cat\/index.php\/wp-json\/wp\/v2\/pages\/216\/revisions\/327"}],"wp:attachment":[{"href":"https:\/\/adalqui.cat\/index.php\/wp-json\/wp\/v2\/media?parent=216"}],"curies":[{"name":"wp","href":"https:\/\/api.w.org\/{rel}","templated":true}]}}