{"id":218,"date":"2023-03-20T11:46:04","date_gmt":"2023-03-20T11:46:04","guid":{"rendered":"https:\/\/adalqui.cat\/?page_id=218"},"modified":"2024-05-02T21:25:55","modified_gmt":"2024-05-02T21:25:55","slug":"xarxa-tiifamo","status":"publish","type":"page","link":"https:\/\/adalqui.cat\/index.php\/xarxa-tiifamo\/","title":{"rendered":"Xarxa TIIFAMO"},"content":{"rendered":"\n<p><\/p>\n\n\n\n<figure class=\"wp-block-image size-large\"><img loading=\"lazy\" decoding=\"async\" width=\"1024\" height=\"298\" src=\"https:\/\/adalqui.cat\/wp-content\/uploads\/2023\/03\/logo-tiifamo-1-1024x298.jpg\" alt=\"\" class=\"wp-image-256\" srcset=\"https:\/\/adalqui.cat\/wp-content\/uploads\/2023\/03\/logo-tiifamo-1-1024x298.jpg 1024w, https:\/\/adalqui.cat\/wp-content\/uploads\/2023\/03\/logo-tiifamo-1-300x87.jpg 300w, https:\/\/adalqui.cat\/wp-content\/uploads\/2023\/03\/logo-tiifamo-1-768x223.jpg 768w, https:\/\/adalqui.cat\/wp-content\/uploads\/2023\/03\/logo-tiifamo-1-1536x447.jpg 1536w, https:\/\/adalqui.cat\/wp-content\/uploads\/2023\/03\/logo-tiifamo-1-2048x596.jpg 2048w, https:\/\/adalqui.cat\/wp-content\/uploads\/2023\/03\/logo-tiifamo-1-1200x349.jpg 1200w, https:\/\/adalqui.cat\/wp-content\/uploads\/2023\/03\/logo-tiifamo-1-1980x576.jpg 1980w\" sizes=\"auto, (max-width: 1024px) 100vw, 1024px\" \/><\/figure>\n\n\n\n<p class=\"has-text-align-left\">La Xarxa TIIFAMO es va constituir formalment el 18 de juny del 2008 a Barcelona, despr\u00e9s de m\u00e9s d&#8217;un any d&#8217;activitats i gestions preparat\u00f2ries, des de la seva entitat impulsora i fundadora, el Grup Interuniversitari \u201cCopolis. Benestar, Comunitat i Control Social\u201d, amb el suport de l&#8217;Associaci\u00f3 d&#8217;acci\u00f3 social i cultural Adalqu\u00ed. Es va gestionar des dels seus inicis a trav\u00e9s d&#8217;una Comissi\u00f3 que va tenir per finalitat proposar les normes generals de funcionament de la Xarxa, difondre i ampliar la convocat\u00f2ria de membres i associats adherents, i planificar les activitats que es desenvoluparien sobre la base d&#8217;un pla dactuaci\u00f3 que es va establir d&#8217;una d\u00e8cada de vig\u00e8ncia (2008-2017).<\/p>\n\n\n\n<p>L&#8217;objectiu principal de la Xarxa TIIFAMO durant aquesta d\u00e8cada va ser consolidar i incrementar la dimensi\u00f3 i qualitat de la investigaci\u00f3 sobre les fam\u00edlies monoparentals i la divulgaci\u00f3 cient\u00edfica i social dels seus resultats, amb la finalitat d&#8217;estimular la generaci\u00f3 de m\u00e9s i millor coneixement cient\u00edfic , mitjan\u00e7ant l&#8217;articulaci\u00f3 d&#8217;una xarxa de grups i de persones investigadores sobre fam\u00edlies monoparentals.<\/p>\n\n\n\n<p>Per aix\u00f2, va potenciar les interaccions dels diferents sectors -particularment les universitats, entitats de la societat civil, empreses i administracions p\u00fabliques- que formen part de l&#8217;\u00e0mbit d&#8217;actuaci\u00f3 al voltant de les fam\u00edlies monoparentals, impulsant l&#8217;articulaci\u00f3 i la consolidaci\u00f3 de la investigaci\u00f3 i la transfer\u00e8ncia de coneixements a trav\u00e9s de l&#8217;organitzaci\u00f3 i la participaci\u00f3 en activitats i espais d&#8217;intercanvi que van generar nous coneixements i van millorar la qualitat i la quantitat d&#8217;aquestes investigacions.<\/p>\n\n\n\n<p>Aix\u00ed mateix, ia partir d&#8217;un conjunt d&#8217;accions com ara trobades, seminaris i publicacions, es van revisar i intercanviar les investigacions ja realitzades o en desenvolupament sobre fam\u00edlies monoparentals, construint una base de dades i bibliogr\u00e0fica sobre fam\u00edlies monoparentals, a disposici\u00f3 de les persones que van desenvolupar tesis i altres investigacions en aquesta tem\u00e0tica, aix\u00ed com tamb\u00e9 de la societat en general.<\/p>\n\n\n\n<p>Igualment, es van desenvolupar i van fomentar activitats de formaci\u00f3 curricular i extracurricular de postgrau i d&#8217;extensi\u00f3 universit\u00e0ria sobre fam\u00edlies monoparentals, i van implementar accions i programes de divulgaci\u00f3 cient\u00edfica i social, fent part\u00edcips la societat, i especialment les fam\u00edlies monoparentals, dels aven\u00e7os cient\u00edfics i tecnol\u00f2gics, per permetre i facilitar la resoluci\u00f3 dels conflictes socials, la satisfacci\u00f3 dels drets i l&#8217;assumpci\u00f3 dels deures.<\/p>\n\n\n\n<p>El desenvolupament de totes aquestes activitats durant aquesta d\u00e8cada d&#8217;actuaci\u00f3 de la Xarxa TIIFAMO va produir una s\u00e8rie de contribucions cient\u00edfiques de gran rellev\u00e0ncia per a les fam\u00edlies monoparentals:<\/p>\n\n\n\n<p>-Va contribuir a constatar la realitat social, econ\u00f2mica i jur\u00eddica de les fam\u00edlies monoparentals.<br>-Va generar coneixement cient\u00edfic \u00fatil per al coneixement i la proposici\u00f3 de noves estrat\u00e8gies de superviv\u00e8ncia i benestar de les fam\u00edlies monoparentals, aix\u00ed com dels diferents significats de la monoparentalitat.<br>-Va oferir alternatives per millorar el sistema d&#8217;estad\u00edstiques i indicadors disponibles sobre les fam\u00edlies monoparentals des d&#8217;una perspectiva comparada.<br>-Va visualitzar les conseq\u00fc\u00e8ncies que t\u00e9 la situaci\u00f3 de precarietat en qu\u00e8 viuen moltes fam\u00edlies monoparentals al seu estatus de ciutadania.<br>-Va aportar informaci\u00f3 adequada per a la proposta de pol\u00edtiques p\u00fabliques a l&#8217;\u00e0mbit de les fam\u00edlies.<br>-Va promoure una sensibilitzaci\u00f3 social m\u00e9s gran respecte a les seves circumst\u00e0ncies vitals i, per tant, una major atenci\u00f3 per part de les institucions p\u00fabliques a l&#8217;hora d&#8217;implementar mesures de suport per evitar o pal\u00b7liar l&#8217;exclusi\u00f3 social que moltes vegades comporta la monoparentalitat.<br><\/p>\n\n\n\n<p>Complert el termini de vig\u00e8ncia de la proposta, el juny de 2018, i despr\u00e9s d&#8217;aquesta d\u00e8cada de treball, l&#8217;entitat impulsora i fundadora de TIIFAMO (el Grup Interuniversitari \u201cCopolis. Benestar, Comunitat i Control Social\u201d) -juntament amb el Col\u00b7lectiu social i cultural Adalqu\u00ed, va iniciar una nova etapa de la Xarxa, destinada a continuar divulgant els resultats obtinguts i impulsant la producci\u00f3 i difusi\u00f3 dels estudis sobre fam\u00edlies monoparentals. <\/p>\n\n\n\n<p>Aquesta ser\u00e0 gestionada a trav\u00e9s dels investigadors i investigadores integrants de la L\u00ednia d&#8217;Actuaci\u00f3 Tem\u00e0tica Consolidada sobre G\u00e8nere, diversitat familiar i monoparentalitat del Grup Copolis-Adalqu\u00ed, encara que, amb el suport de Adalqu\u00ed, difondr\u00e0 i mantindr\u00e0 obert l&#8217;accionar desenvolupat per TIIFAMO durant 2008-2018 per mig de la plataforma telem\u00e0tica de la Xarxa i les seves aplicacions respectives (lloc web, bloc oficial, Sala de Reunions Virtuals), coordinant i facilitant l&#8217;acc\u00e9s a informaci\u00f3 sobre fam\u00edlies monoparentals entre persones i entitats de la societat en general.<\/p>\n\n\n\n<p class=\"has-text-align-right\"><em>(Darrera Actualitzaci\u00f3: 02 de maig de 2024)<\/em><\/p>\n","protected":false},"excerpt":{"rendered":"<p>La Xarxa TIIFAMO es va constituir formalment el 18 de juny del 2008 a Barcelona, despr\u00e9s de m\u00e9s d&#8217;un any d&#8217;activitats i gestions preparat\u00f2ries, des de la seva entitat impulsora i fundadora, el Grup Interuniversitari \u201cCopolis. Benestar, Comunitat i Control Social\u201d, amb el suport de l&#8217;Associaci\u00f3 d&#8217;acci\u00f3 social i cultural Adalqu\u00ed. Es va gestionar des [&hellip;]<\/p>\n","protected":false},"author":1,"featured_media":0,"parent":0,"menu_order":0,"comment_status":"closed","ping_status":"closed","template":"","meta":{"footnotes":""},"class_list":["post-218","page","type-page","status-publish","hentry"],"_links":{"self":[{"href":"https:\/\/adalqui.cat\/index.php\/wp-json\/wp\/v2\/pages\/218","targetHints":{"allow":["GET"]}}],"collection":[{"href":"https:\/\/adalqui.cat\/index.php\/wp-json\/wp\/v2\/pages"}],"about":[{"href":"https:\/\/adalqui.cat\/index.php\/wp-json\/wp\/v2\/types\/page"}],"author":[{"embeddable":true,"href":"https:\/\/adalqui.cat\/index.php\/wp-json\/wp\/v2\/users\/1"}],"replies":[{"embeddable":true,"href":"https:\/\/adalqui.cat\/index.php\/wp-json\/wp\/v2\/comments?post=218"}],"version-history":[{"count":5,"href":"https:\/\/adalqui.cat\/index.php\/wp-json\/wp\/v2\/pages\/218\/revisions"}],"predecessor-version":[{"id":321,"href":"https:\/\/adalqui.cat\/index.php\/wp-json\/wp\/v2\/pages\/218\/revisions\/321"}],"wp:attachment":[{"href":"https:\/\/adalqui.cat\/index.php\/wp-json\/wp\/v2\/media?parent=218"}],"curies":[{"name":"wp","href":"https:\/\/api.w.org\/{rel}","templated":true}]}}