{"id":229,"date":"2023-03-20T12:05:41","date_gmt":"2023-03-20T12:05:41","guid":{"rendered":"https:\/\/adalqui.cat\/?page_id=229"},"modified":"2025-11-24T15:06:14","modified_gmt":"2025-11-24T15:06:14","slug":"politica-editorial-i-dret-dautor-a","status":"publish","type":"page","link":"https:\/\/adalqui.cat\/index.php\/politica-editorial-i-dret-dautor-a\/","title":{"rendered":"<strong>Pol\u00edtica Editorial i Dret d&#8217;Autor \/ a<\/strong>"},"content":{"rendered":"\n<h3 class=\"wp-block-heading\"><\/h3>\n\n\n\n<p>Amb excepci\u00f3 de les produccions institucionals, la propietat intel\u00b7lectual correspon als seus autors\/es. Les patents, models d&#8217;utilitat, creacions intel\u00b7lectuals o qualsevol altre tipus de drets derivats de l&#8217;activitat desenvolupada pel lloc web de Adalqu\u00ed tindran la consideraci\u00f3 d&#8217;invencions que es regeixen per la normativa de patents i de propietat intel\u00b7lectual. No obstant aix\u00f2, Adalqu\u00ed i aquest lloc impulsa i prioritza una pol\u00edtica de divulgaci\u00f3 de les seves publicacions que tendeix cap a l&#8217;<em>open acces<\/em> i el <em>copyleft<\/em> sota llic\u00e8ncies <em>Creative Commons<\/em> de la seva producci\u00f3, excepte en els casos de compromisos editorials que aix\u00ed ho impedeixin.<\/p>\n\n\n\n<p><\/p>\n\n\n\n<p><strong>Editor Responsable: Dino Di Nella<\/strong><\/p>\n\n\n\n<p><strong>Associaci\u00f3 d&#8217;Acci\u00f3 Social i Cultural Adalqu\u00ed<\/strong><\/p>\n\n\n\n<p><strong>LLoc El Burbau N\u00ba 17. Lla\u00e9s. CP 17510. Ripoll.<\/strong><\/p>\n\n\n\n<p><strong>info.adalqui@gmail.com<\/strong><\/p>\n\n\n\n<p><strong>www.adalqui.cat<\/strong><\/p>\n\n\n\n<p><\/p>\n\n\n\n<p class=\"has-text-align-right\"><em>(Darrera Actualitzaci\u00f3: 02 de maig de 202<\/em>5)<\/p>\n","protected":false},"excerpt":{"rendered":"<p>Amb excepci\u00f3 de les produccions institucionals, la propietat intel\u00b7lectual correspon als seus autors\/es. Les patents, models d&#8217;utilitat, creacions intel\u00b7lectuals o qualsevol altre tipus de drets derivats de l&#8217;activitat desenvolupada pel lloc web de Adalqu\u00ed tindran la consideraci\u00f3 d&#8217;invencions que es regeixen per la normativa de patents i de propietat intel\u00b7lectual. No obstant aix\u00f2, Adalqu\u00ed i [&hellip;]<\/p>\n","protected":false},"author":1,"featured_media":0,"parent":0,"menu_order":0,"comment_status":"closed","ping_status":"closed","template":"","meta":{"footnotes":""},"class_list":["post-229","page","type-page","status-publish","hentry"],"_links":{"self":[{"href":"https:\/\/adalqui.cat\/index.php\/wp-json\/wp\/v2\/pages\/229","targetHints":{"allow":["GET"]}}],"collection":[{"href":"https:\/\/adalqui.cat\/index.php\/wp-json\/wp\/v2\/pages"}],"about":[{"href":"https:\/\/adalqui.cat\/index.php\/wp-json\/wp\/v2\/types\/page"}],"author":[{"embeddable":true,"href":"https:\/\/adalqui.cat\/index.php\/wp-json\/wp\/v2\/users\/1"}],"replies":[{"embeddable":true,"href":"https:\/\/adalqui.cat\/index.php\/wp-json\/wp\/v2\/comments?post=229"}],"version-history":[{"count":3,"href":"https:\/\/adalqui.cat\/index.php\/wp-json\/wp\/v2\/pages\/229\/revisions"}],"predecessor-version":[{"id":397,"href":"https:\/\/adalqui.cat\/index.php\/wp-json\/wp\/v2\/pages\/229\/revisions\/397"}],"wp:attachment":[{"href":"https:\/\/adalqui.cat\/index.php\/wp-json\/wp\/v2\/media?parent=229"}],"curies":[{"name":"wp","href":"https:\/\/api.w.org\/{rel}","templated":true}]}}