{"id":23,"date":"2022-11-09T13:02:52","date_gmt":"2022-11-09T13:02:52","guid":{"rendered":"https:\/\/adalqui.cat\/?page_id=23"},"modified":"2024-05-02T21:46:45","modified_gmt":"2024-05-02T21:46:45","slug":"strongparticipacio-i-vida-al-mon-rural-strong","status":"publish","type":"page","link":"https:\/\/adalqui.cat\/index.php\/strongparticipacio-i-vida-al-mon-rural-strong\/","title":{"rendered":"<strong>Participaci\u00f3 i Vida al Mon Rural<\/strong>"},"content":{"rendered":"\n<p><\/p>\n\n\n\n<ul class=\"wp-block-list\">\n<li>Dinamitzaci\u00f3 comunit\u00e0ria, foment de la participaci\u00f3 democr\u00e0tica;<\/li>\n\n\n\n<li>Consolidaci\u00f3 de xarxes de ve\u00efns i ve\u00efnes;<\/li>\n\n\n\n<li>Visualitzaci\u00f3 de la categoria diferencial del territori en administracions i societat a Catalunya, en cartes, inst\u00e0ncies, peticions i xarxes socials; <\/li>\n\n\n\n<li>Usos socials i econ\u00f3mics de la muntanya.<\/li>\n<\/ul>\n\n\n\n<p><\/p>\n\n\n\n<p class=\"has-text-align-right\"><em><em>(Darrera Actualitzaci\u00f3: 02 de maig de 2024)<\/em><\/em><\/p>\n","protected":false},"excerpt":{"rendered":"<p>(Darrera Actualitzaci\u00f3: 02 de maig de 2024)<\/p>\n","protected":false},"author":1,"featured_media":0,"parent":0,"menu_order":0,"comment_status":"closed","ping_status":"closed","template":"","meta":{"footnotes":""},"class_list":["post-23","page","type-page","status-publish","hentry"],"_links":{"self":[{"href":"https:\/\/adalqui.cat\/index.php\/wp-json\/wp\/v2\/pages\/23","targetHints":{"allow":["GET"]}}],"collection":[{"href":"https:\/\/adalqui.cat\/index.php\/wp-json\/wp\/v2\/pages"}],"about":[{"href":"https:\/\/adalqui.cat\/index.php\/wp-json\/wp\/v2\/types\/page"}],"author":[{"embeddable":true,"href":"https:\/\/adalqui.cat\/index.php\/wp-json\/wp\/v2\/users\/1"}],"replies":[{"embeddable":true,"href":"https:\/\/adalqui.cat\/index.php\/wp-json\/wp\/v2\/comments?post=23"}],"version-history":[{"count":6,"href":"https:\/\/adalqui.cat\/index.php\/wp-json\/wp\/v2\/pages\/23\/revisions"}],"predecessor-version":[{"id":338,"href":"https:\/\/adalqui.cat\/index.php\/wp-json\/wp\/v2\/pages\/23\/revisions\/338"}],"wp:attachment":[{"href":"https:\/\/adalqui.cat\/index.php\/wp-json\/wp\/v2\/media?parent=23"}],"curies":[{"name":"wp","href":"https:\/\/api.w.org\/{rel}","templated":true}]}}