{"id":238,"date":"2023-03-20T13:12:15","date_gmt":"2023-03-20T13:12:15","guid":{"rendered":"https:\/\/adalqui.cat\/?page_id=238"},"modified":"2023-03-20T14:15:30","modified_gmt":"2023-03-20T14:15:30","slug":"recursos","status":"publish","type":"page","link":"https:\/\/adalqui.cat\/index.php\/recursos\/","title":{"rendered":"Recursos"},"content":{"rendered":"\n<p><\/p>\n\n\n\n<p><\/p>\n\n\n\n<p><a href=\"https:\/\/adalqui.cat\/index.php\/biblioteca\/\"><strong>Biblioteca<\/strong><\/a><\/p>\n\n\n\n<p><a href=\"https:\/\/adalqui.cat\/index.php\/category\/bloc\/\"><strong>Bloc de not\u00edcies<\/strong><\/a><\/p>\n\n\n\n<p><a rel=\"noreferrer noopener\" href=\"https:\/\/adalqui.cat\/index.php\/enllacos-dinteres\/\" target=\"_blank\"><strong>Enlla\u00e7os d&#8217;inter\u00e8s<\/strong><\/a><\/p>\n\n\n\n<p><a href=\"https:\/\/adalqui.cat\/index.php\/politica-editorial-i-dret-dautor-a\/\"><strong>Pol\u00edtica Editorial i Dret d\u2019Autor\/a<\/strong><\/a><\/p>\n","protected":false},"excerpt":{"rendered":"<p>Biblioteca Bloc de not\u00edcies Enlla\u00e7os d&#8217;inter\u00e8s Pol\u00edtica Editorial i Dret d\u2019Autor\/a<\/p>\n","protected":false},"author":1,"featured_media":0,"parent":0,"menu_order":0,"comment_status":"closed","ping_status":"closed","template":"","meta":{"footnotes":""},"class_list":["post-238","page","type-page","status-publish","hentry"],"_links":{"self":[{"href":"https:\/\/adalqui.cat\/index.php\/wp-json\/wp\/v2\/pages\/238","targetHints":{"allow":["GET"]}}],"collection":[{"href":"https:\/\/adalqui.cat\/index.php\/wp-json\/wp\/v2\/pages"}],"about":[{"href":"https:\/\/adalqui.cat\/index.php\/wp-json\/wp\/v2\/types\/page"}],"author":[{"embeddable":true,"href":"https:\/\/adalqui.cat\/index.php\/wp-json\/wp\/v2\/users\/1"}],"replies":[{"embeddable":true,"href":"https:\/\/adalqui.cat\/index.php\/wp-json\/wp\/v2\/comments?post=238"}],"version-history":[{"count":3,"href":"https:\/\/adalqui.cat\/index.php\/wp-json\/wp\/v2\/pages\/238\/revisions"}],"predecessor-version":[{"id":264,"href":"https:\/\/adalqui.cat\/index.php\/wp-json\/wp\/v2\/pages\/238\/revisions\/264"}],"wp:attachment":[{"href":"https:\/\/adalqui.cat\/index.php\/wp-json\/wp\/v2\/media?parent=238"}],"curies":[{"name":"wp","href":"https:\/\/api.w.org\/{rel}","templated":true}]}}