{"id":276,"date":"2023-03-20T14:58:00","date_gmt":"2023-03-20T14:58:00","guid":{"rendered":"https:\/\/adalqui.cat\/?page_id=276"},"modified":"2024-05-02T21:26:42","modified_gmt":"2024-05-02T21:26:42","slug":"operar-es-vinclar","status":"publish","type":"page","link":"https:\/\/adalqui.cat\/index.php\/operar-es-vinclar\/","title":{"rendered":"Operar \u00e9s Vinclar"},"content":{"rendered":"\n<p><\/p>\n\n\n<div class=\"wp-block-image\">\n<figure class=\"aligncenter size-large is-resized\"><img loading=\"lazy\" decoding=\"async\" width=\"1024\" height=\"741\" src=\"https:\/\/adalqui.cat\/wp-content\/uploads\/2023\/03\/Copia-de-PROSAR-logo-1024x741.jpeg\" alt=\"\" class=\"wp-image-279\" style=\"width:368px;height:266px\" srcset=\"https:\/\/adalqui.cat\/wp-content\/uploads\/2023\/03\/Copia-de-PROSAR-logo-1024x741.jpeg 1024w, https:\/\/adalqui.cat\/wp-content\/uploads\/2023\/03\/Copia-de-PROSAR-logo-300x217.jpeg 300w, https:\/\/adalqui.cat\/wp-content\/uploads\/2023\/03\/Copia-de-PROSAR-logo-768x556.jpeg 768w, https:\/\/adalqui.cat\/wp-content\/uploads\/2023\/03\/Copia-de-PROSAR-logo-1200x868.jpeg 1200w, https:\/\/adalqui.cat\/wp-content\/uploads\/2023\/03\/Copia-de-PROSAR-logo.jpeg 1280w\" sizes=\"auto, (max-width: 1024px) 100vw, 1024px\" \/><\/figure>\n<\/div>\n\n\n<p>El Programa Solidari d&#8217;Abordatge Remot de la Salut Mental \u201cOperar \u00e9s Vinclar\u201d (PROSAR), \u00e9s una proposta articulada de accions de recerca, formaci\u00f3 i divulgaci\u00f3, que es desenvolupa amb una clara vocaci\u00f3 intersectorial de facilitaci\u00f3, recuperaci\u00f3 i resignificaci\u00f3 dels processos d&#8217;organitzaci\u00f3 sociocomunit\u00e0ria; especialment, dels grups socials oprimits i silenciats de la comunitat. <\/p>\n\n\n\n<p>A trav\u00e9s dels seus sentiments, viv\u00e8ncies, documents personals, hist\u00f2ries i experi\u00e8ncies viscudes durant la hist\u00f2ria recent del pa\u00eds respectiu, es pret\u00e9n generar els marcs socials necessaris per que les seves traject\u00f2ries, accions i veus facilitin l&#8217;exercici dels seus drets. Per aix\u00f2, el PROSAR proporciona un espai de treball que posa \u00e8mfasi en l&#8217;abordatge comunitari de la salut mental de la poblaci\u00f3 com a dret hum\u00e0. <\/p>\n\n\n\n<p>PROSAR cerca la major efici\u00e8ncia t\u00e8cnica i qualitat cient\u00edfica possible, desenvolupant-se de manera interterritorial i interinstitucional, associant-se amb membres i col\u00b7lectius de diversos territoris, aix\u00ed com amb diferents entitats acad\u00e8miques, socials i comunit\u00e0ries. A partir d&#8217;aquestes inst\u00e0ncies -de la seva interrelaci\u00f3, participaci\u00f3 i di\u00e0leg constant i permanent- es desplega aquest programa. Sota aquest format flexible i din\u00e0mic, l&#8217;equip del PROSAR preveu anar variant en el vostre composici\u00f3, segons les necessitats i les activitats de cada moment.<br><\/p>\n\n\n\n<p>Per al millor funcionament, el PROSAR compta amb una Coordinaci\u00f3 General i amb membres, adscriptes i participants actius a les accions desplegades. Aix\u00ed mateix, el PROSAR s&#8217;integra tamb\u00e9 amb col\u00b7laboradors\/es externs\/es estables vinculats a algunes de les seves accions. La Coordinaci\u00f3 General \u00e9s a c\u00e0rrec del Mg. Yago Di Nella, i les seves funcions s\u00f3n les de direcci\u00f3, representaci\u00f3 i gesti\u00f3 general del PROSAR. A efectes t\u00e8cnis, administratius i de la seva relaci\u00f3 amb les<br>altres entitats i membres, el PROSAR i la seva Coordinaci\u00f3 General s&#8217;adscriu al Col\u00b7lectiu Adalqu\u00ed.<\/p>\n\n\n\n<p>El Pla d&#8217;Activitats i Projectes del PROSAR s&#8217;elabora de manera col\u00b7lectiva de forma semestral, i defineix les accions priorit\u00e0ries que es proposen desenvolupar. No obstant aix\u00f2, cada activitat o projecte comptar\u00e0 amb almenys un\/a referent principal, es plantejar\u00e0 i desenvolupar\u00e0 amb autonomia t\u00e8cnica i econ\u00f2mica, sota la responsabilitat i\/o direcci\u00f3 dels seus propis equips i d&#8217;acord amb les normes que corresponguin aplicar segons sigui la unitat administrativa d&#8217;adscripci\u00f3 de la persona principalment responsable de la mateixa. Es tracta d&#8217;un esquema de funcionament de xarxa de suports mutus rec\u00edprocs amb accions de:<br>1- Capacitaci\u00f3 permanent<br>2- Suport t\u00e8cnic (co-visi\u00f3)<br>3- Acompanyament psicosocial<br>4- Producci\u00f3 cient\u00edfica i de desenvolupament de tecnologies d&#8217;intervenci\u00f3 (IAP)<br>5- Publicacions i difusi\u00f3 de resultats<\/p>\n\n\n\n<p><\/p>\n\n\n\n<p>M\u00e9s informaci\u00f3 <a rel=\"noreferrer noopener\" href=\"https:\/\/adalqui.cat\/wp-content\/uploads\/2023\/03\/PROSAR-Propuesta-General.pdf\" target=\"_blank\">Aqu\u00ed<\/a> . <\/p>\n\n\n\n<p class=\"has-text-align-right\"><em>(Darrera Actualitzaci\u00f3: 02 de maig de 2024)<\/em><\/p>\n","protected":false},"excerpt":{"rendered":"<p>El Programa Solidari d&#8217;Abordatge Remot de la Salut Mental \u201cOperar \u00e9s Vinclar\u201d (PROSAR), \u00e9s una proposta articulada de accions de recerca, formaci\u00f3 i divulgaci\u00f3, que es desenvolupa amb una clara vocaci\u00f3 intersectorial de facilitaci\u00f3, recuperaci\u00f3 i resignificaci\u00f3 dels processos d&#8217;organitzaci\u00f3 sociocomunit\u00e0ria; especialment, dels grups socials oprimits i silenciats de la comunitat. A trav\u00e9s dels seus [&hellip;]<\/p>\n","protected":false},"author":1,"featured_media":0,"parent":0,"menu_order":0,"comment_status":"closed","ping_status":"closed","template":"","meta":{"footnotes":""},"class_list":["post-276","page","type-page","status-publish","hentry"],"_links":{"self":[{"href":"https:\/\/adalqui.cat\/index.php\/wp-json\/wp\/v2\/pages\/276","targetHints":{"allow":["GET"]}}],"collection":[{"href":"https:\/\/adalqui.cat\/index.php\/wp-json\/wp\/v2\/pages"}],"about":[{"href":"https:\/\/adalqui.cat\/index.php\/wp-json\/wp\/v2\/types\/page"}],"author":[{"embeddable":true,"href":"https:\/\/adalqui.cat\/index.php\/wp-json\/wp\/v2\/users\/1"}],"replies":[{"embeddable":true,"href":"https:\/\/adalqui.cat\/index.php\/wp-json\/wp\/v2\/comments?post=276"}],"version-history":[{"count":4,"href":"https:\/\/adalqui.cat\/index.php\/wp-json\/wp\/v2\/pages\/276\/revisions"}],"predecessor-version":[{"id":322,"href":"https:\/\/adalqui.cat\/index.php\/wp-json\/wp\/v2\/pages\/276\/revisions\/322"}],"wp:attachment":[{"href":"https:\/\/adalqui.cat\/index.php\/wp-json\/wp\/v2\/media?parent=276"}],"curies":[{"name":"wp","href":"https:\/\/api.w.org\/{rel}","templated":true}]}}