{"id":85,"date":"2022-11-09T16:29:34","date_gmt":"2022-11-09T16:29:34","guid":{"rendered":"https:\/\/adalqui.cat\/?page_id=85"},"modified":"2025-11-24T15:04:27","modified_gmt":"2025-11-24T15:04:27","slug":"envers-adalqui","status":"publish","type":"page","link":"https:\/\/adalqui.cat\/index.php\/envers-adalqui\/","title":{"rendered":"Envers Adalqu\u00ed&#8230;"},"content":{"rendered":"\n<p><\/p>\n\n\n\n<p><strong>Adalqu\u00ed<\/strong> neix l\u2019any 2008 com un grup pel suport en activitats t\u00e8cniques i administratives espec\u00edficament destinades a potenciar la capacitat de transfer\u00e8ncia de tecnologia i la producci\u00f3 de resultats de qualitat en la investigaci\u00f3 que desenvolupa el Grup Interuniversitari \u201cCopolis. Bienestar, Comunidad y Control Social\u201d, adscrit al Departament de Sociologia de la Universitat de Barcelona.<\/p>\n\n\n\n<p>Per a aix\u00f2 va desenvolupar i s\u2019impulsa un ampli ventall d\u2019accions, entre les quals cal destacar:<\/p>\n\n\n\n<ol start=\"1\" style=\"list-style-type:1\" class=\"wp-block-list\">\n<li>La planificaci\u00f3 i assist\u00e8ncia t\u00e8cnica per al desenvolupament de programes integrals de divulgaci\u00f3 cient\u00edfica i social, aix\u00ed com l\u2019organitzaci\u00f3 de confer\u00e8ncies, pon\u00e8ncies i congressos.<\/li>\n\n\n\n<li>La prestaci\u00f3 de serveis t\u00e8cnics de comunicaci\u00f3 social i de producci\u00f3 gr\u00e0fica i audiovisual.<\/li>\n\n\n\n<li>La gesti\u00f3 de serveis de suport t\u00e8cnic i metodol\u00f2gic a la investigaci\u00f3n i la formaci\u00f3.<\/li>\n\n\n\n<li>L\u2019assessorament i l\u2019assist\u00e8ncia jur\u00eddica i administrativa per a la presentaci\u00f3 de sol\u00b7licituds de finan\u00e7ament en convocat\u00f2ries competitives p\u00fabliques o privades, aix\u00ed com per a la concreci\u00f3 de convenis i acords interinstitucionals de col\u00b7laboraci\u00f3 en l\u2019\u00e0mbit de la investigaci\u00f3 i la formaci\u00f3 especialitzada.<\/li>\n\n\n\n<li>La promoci\u00f3 i gesti\u00f3 de xarxes tem\u00e0tiques sobre \u00e0mbits divers.<\/li>\n\n\n\n<li>El foment i la difusi\u00f3 dels procesos d\u2019internacionalitzaci\u00f3 de la formaci\u00f3 i la recerca cient\u00edfica, mitjan\u00e7ant l\u2019organitzaci\u00f3 i promoci\u00f3 de la mobilitat, l\u2019intercanvi i les estades de docents i investigadores.<\/li>\n<\/ol>\n\n\n\n<p>Durant el primer semestre de 2017, a inst\u00e0ncia del Programa d\u2019Investigaci\u00f3, Capacitaci\u00f3 i Extensi\u00f3 Universit\u00e0ria en Control Social i Drets Humans del Grup Interuniversitari Copolis (UTEP Argentina), en el marc de les seves accions de Transfer\u00e8ncia Internacional, COPOLIS-Adalqu\u00ed tamb\u00e9 assumeix un nou repte, ampliant el col\u00b7lectiu de professionals, t\u00e8cnics i altres persones de la comunitat per a l\u2019acci\u00f3 legal, social i cultural a Puelmapu, en defensa d\u2019aquells drets civils, pol\u00edtics, econ\u00f2mics, socials i culturals que no estan suficientment protegits. El seu objectiu espec\u00edfic \u00e9s el de conformar una plataforma cient\u00edfica i social per a la investigaci\u00f3 b\u00e0sica i aplicada, la formaci\u00f3 de recursos humans i l\u2019assist\u00e8ncia t\u00e8cnica i jur\u00eddica professional i especialitzada.<\/p>\n\n\n\n<p>A nivel formal, en aquest proc\u00e9s es va crear una Associaci\u00f3 al Principat dels Pa\u00efsos Catalans i una Fundaci\u00f3 a Puelmapu, com a expressions genu\u00efnes de la comunitat, que va culminar amb l\u2019atorgament de les seves respectives personalitats jur\u00eddiques.<\/p>\n\n\n\n<p>La proposta sorgeix i \u00e9s referenciada en diferents experi\u00e8ncies laborals dels seus promotors i promotores. Les seves activitats van des de l\u2019organitzaci\u00f3 de campanyes de sensibilitzaci\u00f3 i formaci\u00f3 per a la intervenci\u00f3, fins a l\u2019acci\u00f3 directa sobre les realitats o conflictes que se seleccionen, amb la idea d\u2019actuar on s\u2019observa que no hi ha prou cobertura t\u00e8cnica i professional, destacant l\u2019afectaci\u00f3 de drets individuals i col\u00b7lectius homogenis i en la reparaci\u00f3 (i no mera compensaci\u00f3) de danys individuals i socials. Es pret\u00e9n aix\u00ed que persones i grups no restin en mans de la cultura jur\u00eddica i cient\u00edfica positivista que invisibilitza i\/o amaga l\u2019acc\u00e9s a l\u2019exercici dels seus propis drets.<\/p>\n\n\n\n<p>El prop\u00f2sit d\u2019aquest Col\u00b7lectiu \u00e9s desenvolupar els coneixements i les accions necess\u00e0ries per promoure la inclusi\u00f3 social a trav\u00e9s de l\u2019exercici de drets, reduir situacions de vulnerabilitat social i ecol\u00f2gica i redefinir la prevenci\u00f3, realitzar investigacions, donar resposta a demandes de suport, assessoria i capacitaci\u00f3 t\u00e9cnica i\/o jur\u00eddica, i difondre els resultats derivats de tot aix\u00f2.<\/p>\n\n\n\n<p>Es tracta d\u2019una proposta de plena associativitat COPOLIS-Adalqu\u00ed com a grup de suport a la transferencia, la formaci\u00f3 i la investigaci\u00f3, a la vegada que com a col\u00b7lectiu d\u2019acci\u00f3 social i cultural universit\u00e0ria\/comunit\u00e0ria.<\/p>\n\n\n\n<p>Per \u00faltim cal dir que aquesta iniciativa t\u00e9 com a objectiu gen\u00e8ric \u201cincidir en la construcci\u00f3n de la comunitat com un espai per realitzar el potencial transformador dels drets humans\u201d.<\/p>\n\n\n\n<p><\/p>\n\n\n\n<p><\/p>\n\n\n\n<h2 class=\"wp-block-heading\">Associaci\u00f3 d&#8217;Acci\u00f3 Social i Cultural Adalqu\u00ed<\/h2>\n\n\n\n<p><\/p>\n\n\n\n<p><strong>Tipus<\/strong>: Associaci\u00f3<\/p>\n\n\n\n<p><strong>N\u00famero d&#8217;inscripci\u00f3 al registre<\/strong>: 36956<\/p>\n\n\n\n<p><strong>Data d&#8217;inscripci\u00f3 al registre<\/strong>: 19\/5\/2008<\/p>\n\n\n\n<p><strong>CIF<\/strong>: 64807571G<\/p>\n\n\n\n<p><strong>Adre\u00e7a<\/strong>: Lloc El Burbau, 17.<\/p>\n\n\n\n<p><strong>Poblaci\u00f3<\/strong>: Lla\u00e9s &#8211; Ripoll<\/p>\n\n\n\n<p><strong>Codi Postal<\/strong>: 17510<\/p>\n\n\n\n<p><strong>Comarca<\/strong>: Ripoll\u00e8s<\/p>\n\n\n\n<p><strong>Finalitat<\/strong>: Article 2. Els fins de l\u2019associaci\u00f3 s\u00f3n: a) Contribuir activament pel compliment dels drets dels humans i les humanes, en el marc de las expressions jur\u00eddiques vigents i des d\u2019una perspectiva no androc\u00e8ntrica, que afirmen a la persona com subjecte de dret, a trav\u00e9s d\u2019accions destinades a investigar, diagnosticar, crear i projectar; promoure, organitzar i executar; assistir, assessorar, supervisar i capacitar t\u00e8cnicament; publicar i difondre. Tot aix\u00f2, per s\u00ed mateixa i\/o en coordinaci\u00f3 amb altres organitzacions afins, amb el fi de reduir la Vulnerabilitat Social. b) Promoure el suport mutu entre els seus i les seves associades, desenvolupar un ambient de cordialitat i solidaritat entre els mateixos, quins gaudiren de tots els beneficis socials possibles. c) Promoure activitats de formaci\u00f3 per als associats i\/o col\u2022laboradors en la mesura d\u2019adquirir i fer adquirir les eines adients per a desenvolupar tasques de suport social i\/o cultural, per la qual cosa es podran establir premis o beques i organitzar i\/o promoure cursos, seminaris, recerques i activitats socials i culturals. En queda excl\u00f2s tot \u00e0nim de lucre.<\/p>\n\n\n\n<p><strong>Classificaci\u00f3 general<\/strong>: Foment i defensa dels drets c\u00edvics, socials i de la persona<\/p>\n\n\n\n<p><strong>Classificaci\u00f3 espec\u00edfica<\/strong>: SOCIALS<\/p>\n\n\n\n<p><strong>Contacte<\/strong>: info.adalqui@gmail.com<\/p>\n\n\n\n<h2 class=\"wp-block-heading\">\u00d2rgans de govern<\/h2>\n\n\n\n<p><strong>President<\/strong>: Dino Di Nella<\/p>\n\n\n\n<p><strong>Secret\u00e0ria<\/strong>: Clara Camps Colnet<\/p>\n\n\n\n<p><strong>Tresorera<\/strong>: Elisabet Almeda Samaranch<\/p>\n\n\n\n<p><\/p>\n\n\n\n<p class=\"has-text-align-right\"><em>(Darrera Actualitzaci\u00f3: 02 de maig de 2025)<\/em><\/p>\n","protected":false},"excerpt":{"rendered":"<p>Adalqu\u00ed neix l\u2019any 2008 com un grup pel suport en activitats t\u00e8cniques i administratives espec\u00edficament destinades a potenciar la capacitat de transfer\u00e8ncia de tecnologia i la producci\u00f3 de resultats de qualitat en la investigaci\u00f3 que desenvolupa el Grup Interuniversitari \u201cCopolis. Bienestar, Comunidad y Control Social\u201d, adscrit al Departament de Sociologia de la Universitat de Barcelona. [&hellip;]<\/p>\n","protected":false},"author":1,"featured_media":69,"parent":0,"menu_order":0,"comment_status":"closed","ping_status":"closed","template":"","meta":{"footnotes":""},"class_list":["post-85","page","type-page","status-publish","has-post-thumbnail","hentry"],"_links":{"self":[{"href":"https:\/\/adalqui.cat\/index.php\/wp-json\/wp\/v2\/pages\/85","targetHints":{"allow":["GET"]}}],"collection":[{"href":"https:\/\/adalqui.cat\/index.php\/wp-json\/wp\/v2\/pages"}],"about":[{"href":"https:\/\/adalqui.cat\/index.php\/wp-json\/wp\/v2\/types\/page"}],"author":[{"embeddable":true,"href":"https:\/\/adalqui.cat\/index.php\/wp-json\/wp\/v2\/users\/1"}],"replies":[{"embeddable":true,"href":"https:\/\/adalqui.cat\/index.php\/wp-json\/wp\/v2\/comments?post=85"}],"version-history":[{"count":13,"href":"https:\/\/adalqui.cat\/index.php\/wp-json\/wp\/v2\/pages\/85\/revisions"}],"predecessor-version":[{"id":395,"href":"https:\/\/adalqui.cat\/index.php\/wp-json\/wp\/v2\/pages\/85\/revisions\/395"}],"wp:featuredmedia":[{"embeddable":true,"href":"https:\/\/adalqui.cat\/index.php\/wp-json\/wp\/v2\/media\/69"}],"wp:attachment":[{"href":"https:\/\/adalqui.cat\/index.php\/wp-json\/wp\/v2\/media?parent=85"}],"curies":[{"name":"wp","href":"https:\/\/api.w.org\/{rel}","templated":true}]}}