{"id":98,"date":"2022-11-09T18:28:48","date_gmt":"2022-11-09T18:28:48","guid":{"rendered":"https:\/\/adalqui.cat\/?page_id=98"},"modified":"2024-11-20T19:37:12","modified_gmt":"2024-11-20T19:37:12","slug":"terra-abrupta","status":"publish","type":"page","link":"https:\/\/adalqui.cat\/index.php\/terra-abrupta\/","title":{"rendered":"Terra Abrupta"},"content":{"rendered":"\n<p><\/p>\n\n\n\n<p>Des de l&#8217;Asssociaci\u00f3 Adalqu\u00ed s\u2019impulsa el projecte <strong><a href=\"https:\/\/adalqui.cat\/index.php\/terra-abrupta\/\">\u201cTerra Abrupta\u201d<\/a><\/strong>. Es tracta &nbsp;d\u2019una proposta de recerca i producci\u00f3 comunicacional, que pret\u00e9n compatibilitzar diferents vies de divulgaci\u00f3 envers els seus prioritaris objectius de procurar el major acc\u00e9s, difusi\u00f3 e impacte entre els col\u00b7lectius m\u00e9s propers i sensibilitzats amb la realitat i defensa del valor del territori al baix ripoll\u00e8s, la seva natura i viure.<\/p>\n\n\n\n<p>La terra abrupta be pot ser entesa com a un seguit d\u2019accidents geogr\u00e0fics, que consisteixen en espadats rococ\u00f3s de forta pendent vertical, penya-segats, escarpats i cingleres, combinats amb m\u00faltiples falles, balmes, altiplans i riberes de rieres i torrents. A la banada de Lla\u00e9s (Baix Ripoll\u00e8s, Ajuntament Fontfreda de Ter, 1937-1939), normalment aquests declivis aspres del terreny, solen estar compostos per diversos tipus de roques resistents a l&#8217;erosi\u00f3 i al desgast del clima, que acaben amb fortes pendents, sobre les quals es desenvolupen prats naturals de gran bellesa. I en les zones obagues de major humitat, les roques de les cingleres queden cobertes per una capa ed\u00e0fica a vegades molt prima i soferta, per\u00f2 a la vegada molt compacte, constituint-se en un sol s\u00f2l, sobre el qual s\u2019erigeixen des del forest m\u00e9s antics fins la vegetaci\u00f3 m\u00e9s espinosa, passant per diversitats d`esp\u00e8cies animals i vegetals que es complementen i es defensen entre s\u00ed en cada abrupte rac\u00f3 d\u2019aquest territori. Pot ser aquesta la seva poesia, i realitat\u2026 que aix\u00ed sigui&#8230; Terra Abrupta .<\/p>\n\n\n\n<p>Per a aix\u00f2, <strong>\u201cTerra Abrupta\u201d <\/strong>va decidir portar a terme una producci\u00f3 pr\u00f2pia de continguts susceptibles de ser divulgats massivament, aix\u00ed com la reproducci\u00f3 d\u2019una curosa selecci\u00f3 de materials d\u2019altres col\u00b7lectius i autors\/es que resulten conduents a la finalitat de la intenci\u00f3 editorial establerta per a cada una de les tem\u00e0tiques priorit\u00e0ries seleccionades.<\/p>\n\n\n\n<p>El seu contingut s&#8217;organitza en diverses projectes o seccions tem\u00e0tiques priorit\u00e0ries, espec\u00edfiques i alhora que interrelacionades entre s\u00ed i vinculades al territori:<\/p>\n\n\n\n<ul class=\"wp-block-list\">\n<li><strong><a href=\"https:\/\/adalqui.cat\/index.php\/ambient-forest-i-habitat\/\">Ambient, forest i h\u00e0bitat<\/a><\/strong><\/li>\n\n\n\n<li><strong><a href=\"https:\/\/adalqui.cat\/index.php\/strongparticipacio-i-vida-al-mon-rural-strong\/\">Participaci\u00f3 i vida al Mon Rural<\/a><\/strong><\/li>\n\n\n\n<li><strong><a href=\"https:\/\/adalqui.cat\/index.php\/patrimoni-memoria-i-identitat\/\">Patrimoni, mem\u00f2ria i identitat<\/a><\/strong><\/li>\n\n\n\n<li><strong><a href=\"https:\/\/adalqui.cat\/index.php\/agroramaderia-regenerativa\/\">Agroramaderia forestal regenerativa<\/a><\/strong><\/li>\n<\/ul>\n\n\n\n<p>Els seus resultats parcials \u00e9s publiquen i actualitzen a la web de Adalqu\u00ed.<\/p>\n\n\n\n<h3 class=\"wp-block-heading\"><strong>&nbsp;<\/strong><\/h3>\n\n\n\n<p class=\"has-text-align-right\"><em><em>(Darrera Actualitzaci\u00f3: 02 de maig de 2024)<\/em><\/em><\/p>\n\n\n\n<h3 class=\"wp-block-heading\">&nbsp;<\/h3>\n\n\n\n<h3 class=\"wp-block-heading\">&nbsp;<\/h3>\n","protected":false},"excerpt":{"rendered":"<p>Des de l&#8217;Asssociaci\u00f3 Adalqu\u00ed s\u2019impulsa el projecte \u201cTerra Abrupta\u201d. Es tracta &nbsp;d\u2019una proposta de recerca i producci\u00f3 comunicacional, que pret\u00e9n compatibilitzar diferents vies de divulgaci\u00f3 envers els seus prioritaris objectius de procurar el major acc\u00e9s, difusi\u00f3 e impacte entre els col\u00b7lectius m\u00e9s propers i sensibilitzats amb la realitat i defensa del valor del territori al [&hellip;]<\/p>\n","protected":false},"author":1,"featured_media":0,"parent":0,"menu_order":0,"comment_status":"closed","ping_status":"closed","template":"","meta":{"footnotes":""},"class_list":["post-98","page","type-page","status-publish","hentry"],"_links":{"self":[{"href":"https:\/\/adalqui.cat\/index.php\/wp-json\/wp\/v2\/pages\/98","targetHints":{"allow":["GET"]}}],"collection":[{"href":"https:\/\/adalqui.cat\/index.php\/wp-json\/wp\/v2\/pages"}],"about":[{"href":"https:\/\/adalqui.cat\/index.php\/wp-json\/wp\/v2\/types\/page"}],"author":[{"embeddable":true,"href":"https:\/\/adalqui.cat\/index.php\/wp-json\/wp\/v2\/users\/1"}],"replies":[{"embeddable":true,"href":"https:\/\/adalqui.cat\/index.php\/wp-json\/wp\/v2\/comments?post=98"}],"version-history":[{"count":15,"href":"https:\/\/adalqui.cat\/index.php\/wp-json\/wp\/v2\/pages\/98\/revisions"}],"predecessor-version":[{"id":351,"href":"https:\/\/adalqui.cat\/index.php\/wp-json\/wp\/v2\/pages\/98\/revisions\/351"}],"wp:attachment":[{"href":"https:\/\/adalqui.cat\/index.php\/wp-json\/wp\/v2\/media?parent=98"}],"curies":[{"name":"wp","href":"https:\/\/api.w.org\/{rel}","templated":true}]}}